{"id":578,"date":"2024-11-07T02:30:14","date_gmt":"2024-11-07T02:30:14","guid":{"rendered":"https:\/\/www.tascobat.com\/inicio.php\/?page_id=578"},"modified":"2024-12-03T02:37:45","modified_gmt":"2024-12-03T02:37:45","slug":"nosotros","status":"publish","type":"page","link":"https:\/\/www.tascobat.com\/inicio.php\/nosotros\/","title":{"rendered":"Nosotros"},"content":{"rendered":"\n<p><strong>Nosotros<\/strong><br>TASCO fue fundada en 1950. Desde entonces, la compa\u00f1\u00eda ha seguido actualizando su fabrica y productos con proceso de fabricaci\u00f3n moderna y eficiente con materia prima con los mas altos est\u00e1ndares con el fin de brindarle al cliente una bater\u00eda de calidad a un precio razonable.<\/p>\n\n\n\n<p>Ofrecemos al cliente aproximadamente 37 diferentes tipos de bater\u00edas para satisfacer todas sus necesidades. Visita una de nuestros mas de 500&nbsp; distribuidores en todo Panam\u00e1 para todos sus requisitos de la bater\u00eda.<\/p>\n\n\n\n<hr class=\"wp-block-separator has-alpha-channel-opacity\"\/>\n\n\n\n<p>TASCO was founded in 1950. Since then, the Company has continued to update its Company and products with modern, efficient manufacturing processes and quality raw materials in order to give the customer a quality battery at a reasonable price.<\/p>\n\n\n\n<p>We offer the customer approximately 37 types of battery to meet all of their automotive batteries needs. Visit one of our more than 500 distributors throughout Panama for all your battery requirements.<\/p>\n","protected":false},"excerpt":{"rendered":"<p>NosotrosTASCO fue fundada en 1950. Desde entonces, la compa\u00f1\u00eda ha seguido actualizando su fabrica y productos con proceso de fabricaci\u00f3n moderna y eficiente con materia prima con los mas altos&hellip;<\/p>\n","protected":false},"author":1,"featured_media":0,"parent":0,"menu_order":0,"comment_status":"closed","ping_status":"closed","template":"","meta":{"_acf_changed":false,"_monsterinsights_skip_tracking":false,"_monsterinsights_sitenote_active":false,"_monsterinsights_sitenote_note":"","_monsterinsights_sitenote_category":0,"footnotes":""},"class_list":["post-578","page","type-page","status-publish","hentry"],"acf":[],"jetpack_sharing_enabled":true,"_links":{"self":[{"href":"https:\/\/www.tascobat.com\/inicio.php\/wp-json\/wp\/v2\/pages\/578","targetHints":{"allow":["GET"]}}],"collection":[{"href":"https:\/\/www.tascobat.com\/inicio.php\/wp-json\/wp\/v2\/pages"}],"about":[{"href":"https:\/\/www.tascobat.com\/inicio.php\/wp-json\/wp\/v2\/types\/page"}],"author":[{"embeddable":true,"href":"https:\/\/www.tascobat.com\/inicio.php\/wp-json\/wp\/v2\/users\/1"}],"replies":[{"embeddable":true,"href":"https:\/\/www.tascobat.com\/inicio.php\/wp-json\/wp\/v2\/comments?post=578"}],"version-history":[{"count":4,"href":"https:\/\/www.tascobat.com\/inicio.php\/wp-json\/wp\/v2\/pages\/578\/revisions"}],"predecessor-version":[{"id":812,"href":"https:\/\/www.tascobat.com\/inicio.php\/wp-json\/wp\/v2\/pages\/578\/revisions\/812"}],"wp:attachment":[{"href":"https:\/\/www.tascobat.com\/inicio.php\/wp-json\/wp\/v2\/media?parent=578"}],"curies":[{"name":"wp","href":"https:\/\/api.w.org\/{rel}","templated":true}]}}