{"id":2,"date":"2024-10-14T00:51:48","date_gmt":"2024-10-14T00:51:48","guid":{"rendered":"https:\/\/www.tascobat.com\/inicio.php\/?page_id=2"},"modified":"2024-11-06T02:37:07","modified_gmt":"2024-11-06T02:37:07","slug":"sample-page","status":"publish","type":"page","link":"https:\/\/www.tascobat.com\/inicio.php\/sample-page\/","title":{"rendered":"Medio Ambiente"},"content":{"rendered":"\n<blockquote class=\"wp-block-quote is-layout-flow wp-block-quote-is-layout-flow\">\n<p><\/p>\n<\/blockquote>\n\n\n\n<p><strong>TASCO<\/strong> cree firmemente que las industrias tienen la responsabilidad social de hacer todo lo posible para minimizar el impacto negativo ambiental. Hemos adoptado un compromiso ambiental para administrar responsablemente el manejo de la disposici\u00f3n&nbsp; final de bater\u00edas al cumplir su vida \u00fatil y as\u00ed reducir el impacto ambiental que puedan tener sobre la tierra, rellenos, r\u00edos y lagos de Panam\u00e1.&nbsp; El 100% de las bater\u00edas que recuperamos son recicladas de manera ambientalmente segura a trav\u00e9s de nuestro programa de reciclaje.&nbsp; Para lograr esta meta, nos hemos asociado con la \u00fanica planta de reciclaje de bater\u00edas en la Republica de Panam\u00e1, una de las dos certificadas para operaciones de reciclaje en Centroam\u00e9rica.&nbsp; Esta empresa procesa responsablemente todas las bater\u00edas usadas recuperadas.&nbsp; Esta planta de reciclaje cumple con todos los reglamentos ambientales tanto internacionales como del Ministerio del Ambiente y del Ministerio de Salud de la Rep\u00fablica de Panam\u00e1. Est\u00e1n sujetos a inspecciones anuales para obtener la certificaci\u00f3n requerida para reciclar el 100% las bater\u00edas de plomo y acido que reciben.&nbsp; TASCO cumple con el compromiso ambiental de cuidar y proteger el ambiente monitoreando cuidadosamente donde y como se reciclan las bater\u00edas.&nbsp;&nbsp;<\/p>\n\n\n\n<p><strong>TASCO<\/strong> believes it is every manufacturer\u2019s social responsibility to do what it can to minimize its environmental footprint on our planet.\u00a0 We have an environmental commitment to responsibly manage our end-of-life of batteries in order to minimize the environmental impact in ground soil, landfills, rivers and lakes in Panama.\u00a0\u00a0\u00a0 For every battery we recover, a 100% is recycled in an environmentally safe manner through our recycling program.\u00a0 To accomplish this goal, we have partnered with the only battery recycling plant in Panama and one of only two certified battery recycling operations in all of Central America.\u00a0 They responsibly process all of our used batteries.\u00a0 This battery recycling plant meets all Ministerio del Medio Ambiente, Ministerio de Salud and international environmental regulations.\u00a0 They go through yearly inspections to obtain all required permits in order to recycle 100% of the lead-acid batteries they receive.\u00a0\u00a0 We are fulfilling our environmental commitment to care for and protect Panama\u2019s environment by directly monitoring where and how our batteries are recycled.<\/p>\n","protected":false},"excerpt":{"rendered":"<p>TASCO cree firmemente que las industrias tienen la responsabilidad social de hacer todo lo posible para minimizar el impacto negativo ambiental. Hemos adoptado un compromiso ambiental para administrar responsablemente el&hellip;<\/p>\n","protected":false},"author":1,"featured_media":0,"parent":0,"menu_order":0,"comment_status":"closed","ping_status":"open","template":"","meta":{"_acf_changed":false,"_monsterinsights_skip_tracking":false,"_monsterinsights_sitenote_active":false,"_monsterinsights_sitenote_note":"","_monsterinsights_sitenote_category":0,"footnotes":""},"class_list":["post-2","page","type-page","status-publish","hentry"],"acf":[],"jetpack_sharing_enabled":true,"_links":{"self":[{"href":"https:\/\/www.tascobat.com\/inicio.php\/wp-json\/wp\/v2\/pages\/2","targetHints":{"allow":["GET"]}}],"collection":[{"href":"https:\/\/www.tascobat.com\/inicio.php\/wp-json\/wp\/v2\/pages"}],"about":[{"href":"https:\/\/www.tascobat.com\/inicio.php\/wp-json\/wp\/v2\/types\/page"}],"author":[{"embeddable":true,"href":"https:\/\/www.tascobat.com\/inicio.php\/wp-json\/wp\/v2\/users\/1"}],"replies":[{"embeddable":true,"href":"https:\/\/www.tascobat.com\/inicio.php\/wp-json\/wp\/v2\/comments?post=2"}],"version-history":[{"count":5,"href":"https:\/\/www.tascobat.com\/inicio.php\/wp-json\/wp\/v2\/pages\/2\/revisions"}],"predecessor-version":[{"id":540,"href":"https:\/\/www.tascobat.com\/inicio.php\/wp-json\/wp\/v2\/pages\/2\/revisions\/540"}],"wp:attachment":[{"href":"https:\/\/www.tascobat.com\/inicio.php\/wp-json\/wp\/v2\/media?parent=2"}],"curies":[{"name":"wp","href":"https:\/\/api.w.org\/{rel}","templated":true}]}}